{"id":20,"date":"2020-12-14T11:49:54","date_gmt":"2020-12-14T10:49:54","guid":{"rendered":"\/\/localhost:3000\/?page_id=20"},"modified":"2020-12-27T18:53:20","modified_gmt":"2020-12-27T17:53:20","slug":"impressum","status":"publish","type":"page","link":"https:\/\/theincognito.ch\/?page_id=20","title":{"rendered":"Impressum"},"content":{"rendered":"\n<h1 class=\"has-text-align-center wp-block-heading\">Impressum<\/h1>\n\n\n\n<p><strong>Idee und Konzept<\/strong>: <a href=\"http:\/\/www.mingot.ch\" target=\"_blank\" rel=\"noreferrer noopener\">Mingot Communications<\/a><br><strong>Fotos: <\/strong><a href=\"https:\/\/www.linkedin.com\/in\/st%C3%A9phane-mingot-3969331\/\" target=\"_blank\" rel=\"noreferrer noopener\">St\u00e9phane Mingot<\/a><br><strong>Text:<\/strong> <a href=\"https:\/\/ch.linkedin.com\/in\/monika-mingot-08858896\" target=\"_blank\" rel=\"noreferrer noopener\">Monika Mingot<\/a><br><strong>Design:<\/strong> <a href=\"https:\/\/linkgroup.ch\/de\/home\" target=\"_blank\" rel=\"noreferrer noopener\">Linkgroup<\/a><br><strong>Website:<\/strong> <a href=\"https:\/\/creos.agency\/\" target=\"_blank\" rel=\"noreferrer noopener\">Creos<\/a> <\/p>\n\n\n\n<p>Das Copyright f\u00fcr s\u00e4mtliche Inhalte dieser Website liegt bei Mingot Communications. Die Eigent\u00fcmer und Betreiber dieser Website haften weder f\u00fcr direkte noch indirekte Verluste oder Sch\u00e4den, die infolge eines Zugriffs auf diese Website oder infolge derer Nutzung entstehen.<\/p>\n\n\n\n<p><\/p>\n","protected":false},"excerpt":{"rendered":"<p>Impressum Idee und Konzept: Mingot CommunicationsFotos: St\u00e9phane MingotText: Monika MingotDesign: LinkgroupWebsite: Creos Das Copyright f\u00fcr s\u00e4mtliche Inhalte dieser Website liegt bei Mingot Communications. Die Eigent\u00fcmer und Betreiber dieser Website haften weder f\u00fcr direkte noch indirekte Verluste oder Sch\u00e4den, die infolge eines Zugriffs auf diese Website oder infolge derer Nutzung entstehen.<\/p>\n","protected":false},"author":1,"featured_media":0,"parent":0,"menu_order":5,"comment_status":"closed","ping_status":"closed","template":"","meta":{"_acf_changed":false,"inline_featured_image":false,"footnotes":""},"class_list":["post-20","page","type-page","status-publish","hentry"],"acf":[],"yoast_head":"<!-- This site is optimized with the Yoast SEO plugin v24.0 - https:\/\/yoast.com\/wordpress\/plugins\/seo\/ -->\n<title>Impressum | Incognito - behind the mask | Ein Corona-Fotoprojekt | Portraits<\/title>\n<meta name=\"description\" content=\"Corona-Fotoprojekt. Portraits mit und ohne Maske. Wie ver\u00e4ndert die Maske unsere Wahrnehmung? Incognito zeigt das wahre Gesicht.\" \/>\n<meta name=\"robots\" content=\"index, follow, max-snippet:-1, max-image-preview:large, max-video-preview:-1\" \/>\n<link rel=\"canonical\" href=\"https:\/\/theincognito.ch\/?page_id=20\" \/>\n<meta property=\"og:locale\" content=\"de_DE\" \/>\n<meta property=\"og:type\" content=\"article\" \/>\n<meta property=\"og:title\" content=\"Impressum | Incognito - behind the mask | Ein Corona-Fotoprojekt | Portraits\" \/>\n<meta property=\"og:description\" content=\"Corona-Fotoprojekt. Portraits mit und ohne Maske. Wie ver\u00e4ndert die Maske unsere Wahrnehmung? Incognito zeigt das wahre Gesicht.\" \/>\n<meta property=\"og:url\" content=\"https:\/\/theincognito.ch\/?page_id=20\" \/>\n<meta property=\"og:site_name\" content=\"Incognito - behind the mask\" \/>\n<meta property=\"article:publisher\" content=\"https:\/\/www.facebook.com\/stephanemingotphotography\/\" \/>\n<meta property=\"article:modified_time\" content=\"2020-12-27T17:53:20+00:00\" \/>\n<meta property=\"og:image\" content=\"https:\/\/theincognito.ch\/wp-content\/uploads\/2020\/12\/Incognito_behind-the-masl_startsteite_opt-scaled.jpg\" \/>\n\t<meta property=\"og:image:width\" content=\"2560\" \/>\n\t<meta property=\"og:image:height\" content=\"1555\" \/>\n\t<meta property=\"og:image:type\" content=\"image\/jpeg\" \/>\n<meta name=\"twitter:card\" content=\"summary_large_image\" \/>\n<meta name=\"twitter:site\" content=\"@smingot\" \/>\n<script type=\"application\/ld+json\" class=\"yoast-schema-graph\">{\"@context\":\"https:\/\/schema.org\",\"@graph\":[{\"@type\":\"WebPage\",\"@id\":\"https:\/\/theincognito.ch\/?page_id=20\",\"url\":\"https:\/\/theincognito.ch\/?page_id=20\",\"name\":\"Impressum | Incognito - behind the mask | Ein Corona-Fotoprojekt | Portraits\",\"isPartOf\":{\"@id\":\"https:\/\/theincognito.ch\/#website\"},\"datePublished\":\"2020-12-14T10:49:54+00:00\",\"dateModified\":\"2020-12-27T17:53:20+00:00\",\"description\":\"Corona-Fotoprojekt. Portraits mit und ohne Maske. Wie ver\u00e4ndert die Maske unsere Wahrnehmung? Incognito zeigt das wahre Gesicht.\",\"breadcrumb\":{\"@id\":\"https:\/\/theincognito.ch\/?page_id=20#breadcrumb\"},\"inLanguage\":\"de-CH\",\"potentialAction\":[{\"@type\":\"ReadAction\",\"target\":[\"https:\/\/theincognito.ch\/?page_id=20\"]}]},{\"@type\":\"BreadcrumbList\",\"@id\":\"https:\/\/theincognito.ch\/?page_id=20#breadcrumb\",\"itemListElement\":[{\"@type\":\"ListItem\",\"position\":1,\"name\":\"Home\",\"item\":\"https:\/\/theincognito.ch\/\"},{\"@type\":\"ListItem\",\"position\":2,\"name\":\"Impressum\"}]},{\"@type\":\"WebSite\",\"@id\":\"https:\/\/theincognito.ch\/#website\",\"url\":\"https:\/\/theincognito.ch\/\",\"name\":\"Incognito - behind the mask\",\"description\":\"Corona-Fotoprojekt\",\"publisher\":{\"@id\":\"https:\/\/theincognito.ch\/#organization\"},\"potentialAction\":[{\"@type\":\"SearchAction\",\"target\":{\"@type\":\"EntryPoint\",\"urlTemplate\":\"https:\/\/theincognito.ch\/?s={search_term_string}\"},\"query-input\":{\"@type\":\"PropertyValueSpecification\",\"valueRequired\":true,\"valueName\":\"search_term_string\"}}],\"inLanguage\":\"de-CH\"},{\"@type\":\"Organization\",\"@id\":\"https:\/\/theincognito.ch\/#organization\",\"name\":\"Incognito\",\"url\":\"https:\/\/theincognito.ch\/\",\"logo\":{\"@type\":\"ImageObject\",\"inLanguage\":\"de-CH\",\"@id\":\"https:\/\/theincognito.ch\/#\/schema\/logo\/image\/\",\"url\":\"https:\/\/theincognito.ch\/wp-content\/uploads\/2020\/12\/incognito_claim_r.svg\",\"contentUrl\":\"https:\/\/theincognito.ch\/wp-content\/uploads\/2020\/12\/incognito_claim_r.svg\",\"width\":400,\"height\":106,\"caption\":\"Incognito\"},\"image\":{\"@id\":\"https:\/\/theincognito.ch\/#\/schema\/logo\/image\/\"},\"sameAs\":[\"https:\/\/www.facebook.com\/stephanemingotphotography\/\",\"https:\/\/x.com\/smingot\",\"https:\/\/www.instagram.com\/theincognito.ch\/\",\"https:\/\/ch.linkedin.com\/in\/st\u00e9phane-mingot-3969331\"]}]}<\/script>\n<!-- \/ Yoast SEO plugin. -->","yoast_head_json":{"title":"Impressum | Incognito - behind the mask | Ein Corona-Fotoprojekt | Portraits","description":"Corona-Fotoprojekt. Portraits mit und ohne Maske. Wie ver\u00e4ndert die Maske unsere Wahrnehmung? Incognito zeigt das wahre Gesicht.","robots":{"index":"index","follow":"follow","max-snippet":"max-snippet:-1","max-image-preview":"max-image-preview:large","max-video-preview":"max-video-preview:-1"},"canonical":"https:\/\/theincognito.ch\/?page_id=20","og_locale":"de_DE","og_type":"article","og_title":"Impressum | Incognito - behind the mask | Ein Corona-Fotoprojekt | Portraits","og_description":"Corona-Fotoprojekt. Portraits mit und ohne Maske. Wie ver\u00e4ndert die Maske unsere Wahrnehmung? Incognito zeigt das wahre Gesicht.","og_url":"https:\/\/theincognito.ch\/?page_id=20","og_site_name":"Incognito - behind the mask","article_publisher":"https:\/\/www.facebook.com\/stephanemingotphotography\/","article_modified_time":"2020-12-27T17:53:20+00:00","og_image":[{"width":2560,"height":1555,"url":"https:\/\/theincognito.ch\/wp-content\/uploads\/2020\/12\/Incognito_behind-the-masl_startsteite_opt-scaled.jpg","type":"image\/jpeg"}],"twitter_card":"summary_large_image","twitter_site":"@smingot","schema":{"@context":"https:\/\/schema.org","@graph":[{"@type":"WebPage","@id":"https:\/\/theincognito.ch\/?page_id=20","url":"https:\/\/theincognito.ch\/?page_id=20","name":"Impressum | Incognito - behind the mask | Ein Corona-Fotoprojekt | Portraits","isPartOf":{"@id":"https:\/\/theincognito.ch\/#website"},"datePublished":"2020-12-14T10:49:54+00:00","dateModified":"2020-12-27T17:53:20+00:00","description":"Corona-Fotoprojekt. Portraits mit und ohne Maske. Wie ver\u00e4ndert die Maske unsere Wahrnehmung? Incognito zeigt das wahre Gesicht.","breadcrumb":{"@id":"https:\/\/theincognito.ch\/?page_id=20#breadcrumb"},"inLanguage":"de-CH","potentialAction":[{"@type":"ReadAction","target":["https:\/\/theincognito.ch\/?page_id=20"]}]},{"@type":"BreadcrumbList","@id":"https:\/\/theincognito.ch\/?page_id=20#breadcrumb","itemListElement":[{"@type":"ListItem","position":1,"name":"Home","item":"https:\/\/theincognito.ch\/"},{"@type":"ListItem","position":2,"name":"Impressum"}]},{"@type":"WebSite","@id":"https:\/\/theincognito.ch\/#website","url":"https:\/\/theincognito.ch\/","name":"Incognito - behind the mask","description":"Corona-Fotoprojekt","publisher":{"@id":"https:\/\/theincognito.ch\/#organization"},"potentialAction":[{"@type":"SearchAction","target":{"@type":"EntryPoint","urlTemplate":"https:\/\/theincognito.ch\/?s={search_term_string}"},"query-input":{"@type":"PropertyValueSpecification","valueRequired":true,"valueName":"search_term_string"}}],"inLanguage":"de-CH"},{"@type":"Organization","@id":"https:\/\/theincognito.ch\/#organization","name":"Incognito","url":"https:\/\/theincognito.ch\/","logo":{"@type":"ImageObject","inLanguage":"de-CH","@id":"https:\/\/theincognito.ch\/#\/schema\/logo\/image\/","url":"https:\/\/theincognito.ch\/wp-content\/uploads\/2020\/12\/incognito_claim_r.svg","contentUrl":"https:\/\/theincognito.ch\/wp-content\/uploads\/2020\/12\/incognito_claim_r.svg","width":400,"height":106,"caption":"Incognito"},"image":{"@id":"https:\/\/theincognito.ch\/#\/schema\/logo\/image\/"},"sameAs":["https:\/\/www.facebook.com\/stephanemingotphotography\/","https:\/\/x.com\/smingot","https:\/\/www.instagram.com\/theincognito.ch\/","https:\/\/ch.linkedin.com\/in\/st\u00e9phane-mingot-3969331"]}]}},"_links":{"self":[{"href":"https:\/\/theincognito.ch\/index.php?rest_route=\/wp\/v2\/pages\/20","targetHints":{"allow":["GET"]}}],"collection":[{"href":"https:\/\/theincognito.ch\/index.php?rest_route=\/wp\/v2\/pages"}],"about":[{"href":"https:\/\/theincognito.ch\/index.php?rest_route=\/wp\/v2\/types\/page"}],"author":[{"embeddable":true,"href":"https:\/\/theincognito.ch\/index.php?rest_route=\/wp\/v2\/users\/1"}],"replies":[{"embeddable":true,"href":"https:\/\/theincognito.ch\/index.php?rest_route=%2Fwp%2Fv2%2Fcomments&post=20"}],"version-history":[{"count":8,"href":"https:\/\/theincognito.ch\/index.php?rest_route=\/wp\/v2\/pages\/20\/revisions"}],"predecessor-version":[{"id":387,"href":"https:\/\/theincognito.ch\/index.php?rest_route=\/wp\/v2\/pages\/20\/revisions\/387"}],"wp:attachment":[{"href":"https:\/\/theincognito.ch\/index.php?rest_route=%2Fwp%2Fv2%2Fmedia&parent=20"}],"curies":[{"name":"wp","href":"https:\/\/api.w.org\/{rel}","templated":true}]}}